{"id":13053,"date":"2021-12-02T09:29:45","date_gmt":"2021-12-02T08:29:45","guid":{"rendered":"https:\/\/www.laboratoriogenoma.eu\/cose-un-test-genetico\/"},"modified":"2023-07-07T12:59:28","modified_gmt":"2023-07-07T10:59:28","slug":"cose-un-test-genetico","status":"publish","type":"page","link":"https:\/\/www.laboratoriogenoma.eu\/en\/cose-un-test-genetico\/","title":{"rendered":"What is a genetic test"},"content":{"rendered":"\t\t<div data-elementor-type=\"wp-page\" data-elementor-id=\"13053\" class=\"elementor elementor-13053\" data-elementor-post-type=\"page\">\n\t\t\t\t\t\t<section class=\"elementor-section elementor-top-section elementor-element elementor-element-529b56d elementor-section-full_width elementor-section-height-min-height elementor-section-height-default elementor-section-items-middle\" data-id=\"529b56d\" data-element_type=\"section\" data-settings=\"{&quot;background_background&quot;:&quot;classic&quot;}\">\n\t\t\t\t\t\t\t<div class=\"elementor-background-overlay\"><\/div>\n\t\t\t\t\t\t\t<div class=\"elementor-container elementor-column-gap-default\">\n\t\t\t\t\t<div class=\"elementor-column elementor-col-100 elementor-top-column elementor-element elementor-element-decbed9\" data-id=\"decbed9\" data-element_type=\"column\">\n\t\t\t<div class=\"elementor-widget-wrap elementor-element-populated\">\n\t\t\t\t\t\t<div class=\"elementor-element elementor-element-b52c527 elementor-widget elementor-widget-heading\" data-id=\"b52c527\" data-element_type=\"widget\" data-widget_type=\"heading.default\">\n\t\t\t\t<div class=\"elementor-widget-container\">\n\t\t\t<style>\/*! elementor - v3.19.0 - 26-02-2024 *\/\n.elementor-heading-title{padding:0;margin:0;line-height:1}.elementor-widget-heading .elementor-heading-title[class*=elementor-size-]>a{color:inherit;font-size:inherit;line-height:inherit}.elementor-widget-heading .elementor-heading-title.elementor-size-small{font-size:15px}.elementor-widget-heading .elementor-heading-title.elementor-size-medium{font-size:19px}.elementor-widget-heading .elementor-heading-title.elementor-size-large{font-size:29px}.elementor-widget-heading .elementor-heading-title.elementor-size-xl{font-size:39px}.elementor-widget-heading .elementor-heading-title.elementor-size-xxl{font-size:59px}<\/style><h2 class=\"elementor-heading-title elementor-size-default\">What is a genetic test<\/h2>\t\t<\/div>\n\t\t\t\t<\/div>\n\t\t\t\t\t<\/div>\n\t\t<\/div>\n\t\t\t\t\t<\/div>\n\t\t<\/section>\n\t\t\t\t<section class=\"elementor-section elementor-top-section elementor-element elementor-element-bd1bd84 elementor-section-full_width elementor-reverse-tablet elementor-reverse-mobile elementor-section-height-default elementor-section-height-default\" data-id=\"bd1bd84\" data-element_type=\"section\">\n\t\t\t\t\t\t<div class=\"elementor-container elementor-column-gap-default\">\n\t\t\t\t\t<div class=\"elementor-column elementor-col-33 elementor-top-column elementor-element elementor-element-1dae131\" data-id=\"1dae131\" data-element_type=\"column\">\n\t\t\t<div class=\"elementor-widget-wrap elementor-element-populated\">\n\t\t\t\t\t\t<section class=\"elementor-section elementor-inner-section elementor-element elementor-element-7557598 elementor-section-boxed elementor-section-height-default elementor-section-height-default\" data-id=\"7557598\" data-element_type=\"section\" data-settings=\"{&quot;background_background&quot;:&quot;classic&quot;}\">\n\t\t\t\t\t\t<div class=\"elementor-container elementor-column-gap-default\">\n\t\t\t\t\t<div class=\"elementor-column elementor-col-100 elementor-inner-column elementor-element elementor-element-b0d9720\" data-id=\"b0d9720\" data-element_type=\"column\">\n\t\t\t<div class=\"elementor-widget-wrap elementor-element-populated\">\n\t\t\t\t\t\t<div class=\"elementor-element elementor-element-5083f12 elementor-widget elementor-widget-heading\" data-id=\"5083f12\" data-element_type=\"widget\" data-widget_type=\"heading.default\">\n\t\t\t\t<div class=\"elementor-widget-container\">\n\t\t\t<h2 class=\"elementor-heading-title elementor-size-default\">Non hai trovato l'analisi che cercavi?<\/h2>\t\t<\/div>\n\t\t\t\t<\/div>\n\t\t\t\t<div class=\"elementor-element elementor-element-e7a32e0 elementor-widget elementor-widget-text-editor\" data-id=\"e7a32e0\" data-element_type=\"widget\" data-widget_type=\"text-editor.default\">\n\t\t\t\t<div class=\"elementor-widget-container\">\n\t\t\t<style>\/*! elementor - v3.19.0 - 26-02-2024 *\/\n.elementor-widget-text-editor.elementor-drop-cap-view-stacked .elementor-drop-cap{background-color:#69727d;color:#fff}.elementor-widget-text-editor.elementor-drop-cap-view-framed .elementor-drop-cap{color:#69727d;border:3px solid;background-color:transparent}.elementor-widget-text-editor:not(.elementor-drop-cap-view-default) .elementor-drop-cap{margin-top:8px}.elementor-widget-text-editor:not(.elementor-drop-cap-view-default) .elementor-drop-cap-letter{width:1em;height:1em}.elementor-widget-text-editor .elementor-drop-cap{float:left;text-align:center;line-height:1;font-size:50px}.elementor-widget-text-editor .elementor-drop-cap-letter{display:inline-block}<\/style>\t\t\t\t<p>Esegui una ricerca nel nostro database<\/p>\n\t\t\t\t\t\t<\/div>\n\t\t\t\t<\/div>\n\t\t\t\t<div class=\"elementor-element elementor-element-31b5e70 elementor-widget elementor-widget-wp-widget-is_widget\" data-id=\"31b5e70\" data-element_type=\"widget\" data-widget_type=\"wp-widget-is_widget.default\">\n\t\t\t\t<div class=\"elementor-widget-container\">\n\t\t\t\t\t\t\t\t\t\t<style type=\"text\/css\" media=\"screen\">\n\t\t\t\t\t\t\t#is-ajax-search-result-500 .is-highlight { background-color: #e6853e !important;}\n\t\t\t\t\t\t\t#is-ajax-search-result-500 .meta .is-highlight { background-color: transparent !important;}\n\t\t\t\t\t\t\t<\/style>\n\t\t\t\t\t\t<form data-min-no-for-search=1 data-result-box-max-height=400 data-form-id=500 class=\"is-search-form is-form-style is-form-style-1 is-form-id-500 is-ajax-search\" action=\"https:\/\/www.laboratoriogenoma.eu\/en\/\" method=\"get\" role=\"search\" ><label for=\"is-search-input-500\"><span class=\"is-screen-reader-text\">Search for:<\/span><input  type=\"search\" id=\"is-search-input-500\" name=\"s\" value=\"\" class=\"is-search-input\" placeholder=\"Cerca analisi...\" autocomplete=off \/><span class=\"is-loader-image\" style=\"display: none;background-image:url(https:\/\/www.laboratoriogenoma.eu\/wp-content\/plugins\/add-search-to-menu\/public\/images\/spinner.gif);\" ><\/span><\/label><input type=\"submit\" value=\"Cerca\" class=\"is-search-submit\" \/><input type=\"hidden\" name=\"id\" value=\"500\" \/><\/form>\t\t<\/div>\n\t\t\t\t<\/div>\n\t\t\t\t\t<\/div>\n\t\t<\/div>\n\t\t\t\t\t<\/div>\n\t\t<\/section>\n\t\t\t\t<div class=\"elementor-element elementor-element-f4baf61 elementor-widget elementor-widget-image\" data-id=\"f4baf61\" data-element_type=\"widget\" data-widget_type=\"image.default\">\n\t\t\t\t<div class=\"elementor-widget-container\">\n\t\t\t<style>\/*! elementor - v3.19.0 - 26-02-2024 *\/\n.elementor-widget-image{text-align:center}.elementor-widget-image a{display:inline-block}.elementor-widget-image a img[src$=\".svg\"]{width:48px}.elementor-widget-image img{vertical-align:middle;display:inline-block}<\/style>\t\t\t\t\t\t\t\t\t\t<img fetchpriority=\"high\" decoding=\"async\" width=\"600\" height=\"900\" src=\"https:\/\/www.laboratoriogenoma.eu\/wp-content\/uploads\/2021\/11\/chi-siamo_sidebar_img.jpg\" class=\"attachment-full size-full wp-image-4634\" alt=\"\" srcset=\"https:\/\/www.laboratoriogenoma.eu\/wp-content\/uploads\/2021\/11\/chi-siamo_sidebar_img.jpg 600w, https:\/\/www.laboratoriogenoma.eu\/wp-content\/uploads\/2021\/11\/chi-siamo_sidebar_img-200x300.jpg 200w\" sizes=\"(max-width: 600px) 100vw, 600px\" \/>\t\t\t\t\t\t\t\t\t\t\t\t\t<\/div>\n\t\t\t\t<\/div>\n\t\t\t\t<div class=\"elementor-element elementor-element-5e060ed elementor-cta--skin-classic elementor-animated-content elementor-bg-transform elementor-bg-transform-zoom-in elementor-widget elementor-widget-call-to-action\" data-id=\"5e060ed\" data-element_type=\"widget\" data-widget_type=\"call-to-action.default\">\n\t\t\t\t<div class=\"elementor-widget-container\">\n\t\t\t<link rel=\"stylesheet\" href=\"https:\/\/www.laboratoriogenoma.eu\/wp-content\/uploads\/elementor\/css\/custom-pro-widget-call-to-action.min.css?ver=1711437600\">\t\t<a class=\"elementor-cta\" href=\"https:\/\/www.laboratoriogenoma.eu\/come-richiedere-il-test\/\">\n\t\t\t\t\t\t\t<div class=\"elementor-cta__content\">\n\t\t\t\t\n\t\t\t\t\t\t\t\t\t<h2 class=\"elementor-cta__title elementor-cta__content-item elementor-content-item\">\n\t\t\t\t\t\tCome richiedere il test<\/span>\t\t\t\t\t<\/h2>\n\t\t\t\t\n\t\t\t\t\t\t\t\t\t<div class=\"elementor-cta__description elementor-cta__content-item elementor-content-item\">\n\t\t\t\t\t\t<p>Scopri come prenotare un appuntamento o richiedere un kit di prelievo<\/p>\n\t\t\t\t\t<\/div>\n\t\t\t\t\n\t\t\t\t\t\t\t\t\t<div class=\"elementor-cta__button-wrapper elementor-cta__content-item elementor-content-item \">\n\t\t\t\t\t<span class=\"elementor-cta__button elementor-button elementor-size-sm\">\n\t\t\t\t\t\tScopri di pi\u00f9\t\t\t\t\t<\/span>\n\t\t\t\t\t<\/div>\n\t\t\t\t\t\t\t<\/div>\n\t\t\t\t\t\t<\/a>\n\t\t\t\t<\/div>\n\t\t\t\t<\/div>\n\t\t\t\t\t<\/div>\n\t\t<\/div>\n\t\t\t\t<div class=\"elementor-column elementor-col-66 elementor-top-column elementor-element elementor-element-fbdb1ed\" data-id=\"fbdb1ed\" data-element_type=\"column\">\n\t\t\t<div class=\"elementor-widget-wrap elementor-element-populated\">\n\t\t\t\t\t\t<div class=\"elementor-element elementor-element-e208770 elementor-widget elementor-widget-heading\" data-id=\"e208770\" data-element_type=\"widget\" data-widget_type=\"heading.default\">\n\t\t\t\t<div class=\"elementor-widget-container\">\n\t\t\t<h3 class=\"elementor-heading-title elementor-size-default\">Cos'\u00e8 un test genetico?<\/h3>\t\t<\/div>\n\t\t\t\t<\/div>\n\t\t\t\t<div class=\"elementor-element elementor-element-4038fd3 elementor-widget elementor-widget-text-editor\" data-id=\"4038fd3\" data-element_type=\"widget\" data-widget_type=\"text-editor.default\">\n\t\t\t\t<div class=\"elementor-widget-container\">\n\t\t\t\t\t\t\t<p>Per test genetico si intende l&#8217;analisi di DNA e RNA effettuata per evidenziarne alterazioni correlate con patologie ereditarie.<\/p>\n<p><strong>Le indagini genetiche hanno diversi obiettivi, tra i quali:<\/strong><\/p>\n<ul>\n<li>Fornire supporto nella diagnosi di malattie genetiche;<\/li>\n<li>Individuare precocemente la patologia in modo da migliorare la gestione clinica del paziente;<\/li>\n<li>Prevenire l\u2019insorgere di una patologia;<\/li>\n<li>Definire il profilo di predisposizione genetica;<\/li>\n<li>Fornire un follow-up terapeutico e migliorare la gestione della patologia e la qualit\u00e0 della vita.<\/li>\n<\/ul>\n<p><strong>Quando si dovrebbe prendere in considerazione il test genetico?<\/strong><\/p>\n<ul>\n<li>Quando si ha una storia di malattie genetiche in famiglia;<\/li>\n<li>Quando si sviluppano segni o sintomi di una patologia genetica;<\/li>\n<li>Quando \u00e8 utile avere la conferma di una diagnosi clinica;<\/li>\n<li>Quando si potrebbe trasmettere una determinata condizione genetica ai propri figli;<\/li>\n<li>Quando si \u00e8 in stato di gravidanza ed \u00e8 necessario valutare il rischio di malattie genetiche.\n<p>Con un elenco di oltre 3.000 tipi di esami genetici, ripartiti in pi\u00f9 di 20 aree applicative, il Laboratorio Eurofins Genoma \u00e8 in grado di soddisfare richieste sempre pi\u00f9 specialistiche nel settore della diagnostica citogenetica e molecolare, fornendo un servizio altamente specializzato, preciso, efficace e rapido.<\/li>\n<\/ul>\n\t\t\t\t\t\t<\/div>\n\t\t\t\t<\/div>\n\t\t\t\t\t<\/div>\n\t\t<\/div>\n\t\t\t\t\t<\/div>\n\t\t<\/section>\n\t\t\t\t<section class=\"elementor-section elementor-top-section elementor-element elementor-element-bbd629e elementor-section-boxed elementor-section-height-default elementor-section-height-default\" data-id=\"bbd629e\" data-element_type=\"section\" data-settings=\"{&quot;background_background&quot;:&quot;classic&quot;}\">\n\t\t\t\t\t\t<div class=\"elementor-container elementor-column-gap-default\">\n\t\t\t\t\t<div class=\"elementor-column elementor-col-50 elementor-top-column elementor-element elementor-element-02ca562\" data-id=\"02ca562\" data-element_type=\"column\">\n\t\t\t<div class=\"elementor-widget-wrap elementor-element-populated\">\n\t\t\t\t\t\t<div class=\"elementor-element elementor-element-ea1ad30 elementor-widget elementor-widget-heading\" data-id=\"ea1ad30\" data-element_type=\"widget\" data-widget_type=\"heading.default\">\n\t\t\t\t<div class=\"elementor-widget-container\">\n\t\t\t<h5 class=\"elementor-heading-title elementor-size-default\">Richiesta Informazioni<\/h5>\t\t<\/div>\n\t\t\t\t<\/div>\n\t\t\t\t<div class=\"elementor-element elementor-element-0745846 elementor-widget elementor-widget-text-editor\" data-id=\"0745846\" data-element_type=\"widget\" data-widget_type=\"text-editor.default\">\n\t\t\t\t<div class=\"elementor-widget-container\">\n\t\t\t\t\t\t\t<p>Se desideri ricevere informazioni compila i campi a fianco, ti contatteremo al pi\u00f9 presto.<\/p>\n\t\t\t\t\t\t<\/div>\n\t\t\t\t<\/div>\n\t\t\t\t<div class=\"elementor-element elementor-element-d2607a7 elementor-widget elementor-widget-text-editor\" data-id=\"d2607a7\" data-element_type=\"widget\" data-widget_type=\"text-editor.default\">\n\t\t\t\t<div class=\"elementor-widget-container\">\n\t\t\t\t\t\t\t<p><a href=\"mailto:info@laboratoriogenoma.eu\" target=\"_blank\" rel=\"noopener\">info@laboratoriogenoma.eu<\/a><\/p>\n\t\t\t\t\t\t<\/div>\n\t\t\t\t<\/div>\n\t\t\t\t<div class=\"elementor-element elementor-element-fd589a5 elementor-widget elementor-widget-text-editor\" data-id=\"fd589a5\" data-element_type=\"widget\" data-widget_type=\"text-editor.default\">\n\t\t\t\t<div class=\"elementor-widget-container\">\n\t\t\t\t\t\t\t<p>+39 06164161500<\/p>\n\t\t\t\t\t\t<\/div>\n\t\t\t\t<\/div>\n\t\t\t\t<div class=\"elementor-element elementor-element-511252f elementor-widget elementor-widget-image\" data-id=\"511252f\" data-element_type=\"widget\" data-widget_type=\"image.default\">\n\t\t\t\t<div class=\"elementor-widget-container\">\n\t\t\t\t\t\t\t\t\t\t\t\t\t<img decoding=\"async\" src=\"https:\/\/www.laboratoriogenoma.eu\/wp-content\/uploads\/2021\/11\/numero_verde.svg\" title=\"numero_verde\" alt=\"numero_verde\" loading=\"lazy\" \/>\t\t\t\t\t\t\t\t\t\t\t\t\t<\/div>\n\t\t\t\t<\/div>\n\t\t\t\t\t<\/div>\n\t\t<\/div>\n\t\t\t\t<div class=\"elementor-column elementor-col-50 elementor-top-column elementor-element elementor-element-b559583\" data-id=\"b559583\" data-element_type=\"column\">\n\t\t\t<div class=\"elementor-widget-wrap elementor-element-populated\">\n\t\t\t\t\t\t<div class=\"elementor-element elementor-element-380481b elementor-widget elementor-widget-shortcode\" data-id=\"380481b\" data-element_type=\"widget\" data-widget_type=\"shortcode.default\">\n\t\t\t\t<div class=\"elementor-widget-container\">\n\t\t\t\t\t<div class=\"elementor-shortcode\">[wpforms id=\"10871\" title=\"false\"]<\/div>\n\t\t\t\t<\/div>\n\t\t\t\t<\/div>\n\t\t\t\t\t<\/div>\n\t\t<\/div>\n\t\t\t\t\t<\/div>\n\t\t<\/section>\n\t\t\t\t<\/div>\n\t\t","protected":false},"excerpt":{"rendered":"<p>What is a genetic test? Didn&#8217;t find the analysis you were looking for? Perform a search in our database How to request the test Learn how to schedule an appointment or request a collection kit Learn more What is a genetic test? A genetic test refers to the analysis of DNA and RNA to detect [&hellip;]<\/p>\n","protected":false},"author":1,"featured_media":0,"parent":0,"menu_order":0,"comment_status":"closed","ping_status":"closed","template":"","meta":{"_acf_changed":false,"footnotes":""},"class_list":["post-13053","page","type-page","status-publish","hentry"],"acf":[],"_links":{"self":[{"href":"https:\/\/www.laboratoriogenoma.eu\/en\/wp-json\/wp\/v2\/pages\/13053","targetHints":{"allow":["GET"]}}],"collection":[{"href":"https:\/\/www.laboratoriogenoma.eu\/en\/wp-json\/wp\/v2\/pages"}],"about":[{"href":"https:\/\/www.laboratoriogenoma.eu\/en\/wp-json\/wp\/v2\/types\/page"}],"author":[{"embeddable":true,"href":"https:\/\/www.laboratoriogenoma.eu\/en\/wp-json\/wp\/v2\/users\/1"}],"replies":[{"embeddable":true,"href":"https:\/\/www.laboratoriogenoma.eu\/en\/wp-json\/wp\/v2\/comments?post=13053"}],"version-history":[{"count":5,"href":"https:\/\/www.laboratoriogenoma.eu\/en\/wp-json\/wp\/v2\/pages\/13053\/revisions"}],"predecessor-version":[{"id":13815,"href":"https:\/\/www.laboratoriogenoma.eu\/en\/wp-json\/wp\/v2\/pages\/13053\/revisions\/13815"}],"wp:attachment":[{"href":"https:\/\/www.laboratoriogenoma.eu\/en\/wp-json\/wp\/v2\/media?parent=13053"}],"curies":[{"name":"wp","href":"https:\/\/api.w.org\/{rel}","templated":true}]}}