{"id":13030,"date":"2021-11-29T11:34:49","date_gmt":"2021-11-29T10:34:49","guid":{"rendered":"https:\/\/www.laboratoriogenoma.eu\/progetti-finanziati\/"},"modified":"2023-07-07T10:21:25","modified_gmt":"2023-07-07T08:21:25","slug":"progetti-finanziati","status":"publish","type":"page","link":"https:\/\/www.laboratoriogenoma.eu\/en\/progetti-finanziati\/","title":{"rendered":"Funded Projects"},"content":{"rendered":"\t\t<div data-elementor-type=\"wp-page\" data-elementor-id=\"13030\" class=\"elementor elementor-13030\" data-elementor-post-type=\"page\">\n\t\t\t\t\t\t<section class=\"elementor-section elementor-top-section elementor-element elementor-element-a6d4ae7 elementor-section-full_width elementor-section-height-min-height elementor-section-height-default elementor-section-items-middle\" data-id=\"a6d4ae7\" data-element_type=\"section\" data-settings=\"{&quot;background_background&quot;:&quot;classic&quot;}\">\n\t\t\t\t\t\t\t<div class=\"elementor-background-overlay\"><\/div>\n\t\t\t\t\t\t\t<div class=\"elementor-container elementor-column-gap-default\">\n\t\t\t\t\t<div class=\"elementor-column elementor-col-100 elementor-top-column elementor-element elementor-element-3186e7a\" data-id=\"3186e7a\" data-element_type=\"column\">\n\t\t\t<div class=\"elementor-widget-wrap elementor-element-populated\">\n\t\t\t\t\t\t<div class=\"elementor-element elementor-element-f96e2ed elementor-widget elementor-widget-heading\" data-id=\"f96e2ed\" data-element_type=\"widget\" data-widget_type=\"heading.default\">\n\t\t\t\t<div class=\"elementor-widget-container\">\n\t\t\t<style>\/*! elementor - v3.19.0 - 26-02-2024 *\/\n.elementor-heading-title{padding:0;margin:0;line-height:1}.elementor-widget-heading .elementor-heading-title[class*=elementor-size-]>a{color:inherit;font-size:inherit;line-height:inherit}.elementor-widget-heading .elementor-heading-title.elementor-size-small{font-size:15px}.elementor-widget-heading .elementor-heading-title.elementor-size-medium{font-size:19px}.elementor-widget-heading .elementor-heading-title.elementor-size-large{font-size:29px}.elementor-widget-heading .elementor-heading-title.elementor-size-xl{font-size:39px}.elementor-widget-heading .elementor-heading-title.elementor-size-xxl{font-size:59px}<\/style><h2 class=\"elementor-heading-title elementor-size-default\">Funded Projects<\/h2>\t\t<\/div>\n\t\t\t\t<\/div>\n\t\t\t\t\t<\/div>\n\t\t<\/div>\n\t\t\t\t\t<\/div>\n\t\t<\/section>\n\t\t\t\t<section class=\"elementor-section elementor-top-section elementor-element elementor-element-a4b1115 elementor-section-full_width elementor-reverse-tablet elementor-reverse-mobile elementor-section-height-default elementor-section-height-default\" data-id=\"a4b1115\" data-element_type=\"section\">\n\t\t\t\t\t\t<div class=\"elementor-container elementor-column-gap-default\">\n\t\t\t\t\t<div class=\"elementor-column elementor-col-33 elementor-top-column elementor-element elementor-element-b2594bc\" data-id=\"b2594bc\" data-element_type=\"column\">\n\t\t\t<div class=\"elementor-widget-wrap elementor-element-populated\">\n\t\t\t\t\t\t<section class=\"elementor-section elementor-inner-section elementor-element elementor-element-5399c20 elementor-section-boxed elementor-section-height-default elementor-section-height-default\" data-id=\"5399c20\" data-element_type=\"section\" data-settings=\"{&quot;background_background&quot;:&quot;classic&quot;}\">\n\t\t\t\t\t\t<div class=\"elementor-container elementor-column-gap-default\">\n\t\t\t\t\t<div class=\"elementor-column elementor-col-100 elementor-inner-column elementor-element elementor-element-ed85867\" data-id=\"ed85867\" data-element_type=\"column\">\n\t\t\t<div class=\"elementor-widget-wrap elementor-element-populated\">\n\t\t\t\t\t\t<div class=\"elementor-element elementor-element-e401d6b elementor-widget elementor-widget-heading\" data-id=\"e401d6b\" data-element_type=\"widget\" data-widget_type=\"heading.default\">\n\t\t\t\t<div class=\"elementor-widget-container\">\n\t\t\t<h2 class=\"elementor-heading-title elementor-size-default\">Non hai trovato l'analisi che cercavi?<\/h2>\t\t<\/div>\n\t\t\t\t<\/div>\n\t\t\t\t<div class=\"elementor-element elementor-element-bbd4d16 elementor-widget elementor-widget-text-editor\" data-id=\"bbd4d16\" data-element_type=\"widget\" data-widget_type=\"text-editor.default\">\n\t\t\t\t<div class=\"elementor-widget-container\">\n\t\t\t<style>\/*! elementor - v3.19.0 - 26-02-2024 *\/\n.elementor-widget-text-editor.elementor-drop-cap-view-stacked .elementor-drop-cap{background-color:#69727d;color:#fff}.elementor-widget-text-editor.elementor-drop-cap-view-framed .elementor-drop-cap{color:#69727d;border:3px solid;background-color:transparent}.elementor-widget-text-editor:not(.elementor-drop-cap-view-default) .elementor-drop-cap{margin-top:8px}.elementor-widget-text-editor:not(.elementor-drop-cap-view-default) .elementor-drop-cap-letter{width:1em;height:1em}.elementor-widget-text-editor .elementor-drop-cap{float:left;text-align:center;line-height:1;font-size:50px}.elementor-widget-text-editor .elementor-drop-cap-letter{display:inline-block}<\/style>\t\t\t\t<p>Esegui una ricerca nel nostro database<\/p>\n\t\t\t\t\t\t<\/div>\n\t\t\t\t<\/div>\n\t\t\t\t<div class=\"elementor-element elementor-element-8df1ffa elementor-widget elementor-widget-wp-widget-is_widget\" data-id=\"8df1ffa\" data-element_type=\"widget\" data-widget_type=\"wp-widget-is_widget.default\">\n\t\t\t\t<div class=\"elementor-widget-container\">\n\t\t\t\t\t\t\t\t\t\t<style type=\"text\/css\" media=\"screen\">\n\t\t\t\t\t\t\t#is-ajax-search-result-500 .is-highlight { background-color: #e6853e !important;}\n\t\t\t\t\t\t\t#is-ajax-search-result-500 .meta .is-highlight { background-color: transparent !important;}\n\t\t\t\t\t\t\t<\/style>\n\t\t\t\t\t\t<form data-min-no-for-search=1 data-result-box-max-height=400 data-form-id=500 class=\"is-search-form is-form-style is-form-style-1 is-form-id-500 is-ajax-search\" action=\"https:\/\/www.laboratoriogenoma.eu\/en\/\" method=\"get\" role=\"search\" ><label for=\"is-search-input-500\"><span class=\"is-screen-reader-text\">Search for:<\/span><input  type=\"search\" id=\"is-search-input-500\" name=\"s\" value=\"\" class=\"is-search-input\" placeholder=\"Cerca analisi...\" autocomplete=off \/><span class=\"is-loader-image\" style=\"display: none;background-image:url(https:\/\/www.laboratoriogenoma.eu\/wp-content\/plugins\/add-search-to-menu\/public\/images\/spinner.gif);\" ><\/span><\/label><input type=\"submit\" value=\"Cerca\" class=\"is-search-submit\" \/><input type=\"hidden\" name=\"id\" value=\"500\" \/><\/form>\t\t<\/div>\n\t\t\t\t<\/div>\n\t\t\t\t\t<\/div>\n\t\t<\/div>\n\t\t\t\t\t<\/div>\n\t\t<\/section>\n\t\t\t\t<div class=\"elementor-element elementor-element-055533e elementor-widget elementor-widget-image\" data-id=\"055533e\" data-element_type=\"widget\" data-widget_type=\"image.default\">\n\t\t\t\t<div class=\"elementor-widget-container\">\n\t\t\t<style>\/*! elementor - v3.19.0 - 26-02-2024 *\/\n.elementor-widget-image{text-align:center}.elementor-widget-image a{display:inline-block}.elementor-widget-image a img[src$=\".svg\"]{width:48px}.elementor-widget-image img{vertical-align:middle;display:inline-block}<\/style>\t\t\t\t\t\t\t\t\t\t<img fetchpriority=\"high\" decoding=\"async\" width=\"600\" height=\"900\" src=\"https:\/\/www.laboratoriogenoma.eu\/wp-content\/uploads\/2021\/11\/chi-siamo_sidebar_img.jpg\" class=\"attachment-full size-full wp-image-4634\" alt=\"\" srcset=\"https:\/\/www.laboratoriogenoma.eu\/wp-content\/uploads\/2021\/11\/chi-siamo_sidebar_img.jpg 600w, https:\/\/www.laboratoriogenoma.eu\/wp-content\/uploads\/2021\/11\/chi-siamo_sidebar_img-200x300.jpg 200w\" sizes=\"(max-width: 600px) 100vw, 600px\" \/>\t\t\t\t\t\t\t\t\t\t\t\t\t<\/div>\n\t\t\t\t<\/div>\n\t\t\t\t<div class=\"elementor-element elementor-element-a79b7b1 elementor-cta--skin-classic elementor-animated-content elementor-bg-transform elementor-bg-transform-zoom-in elementor-widget elementor-widget-call-to-action\" data-id=\"a79b7b1\" data-element_type=\"widget\" data-widget_type=\"call-to-action.default\">\n\t\t\t\t<div class=\"elementor-widget-container\">\n\t\t\t<link rel=\"stylesheet\" href=\"https:\/\/www.laboratoriogenoma.eu\/wp-content\/uploads\/elementor\/css\/custom-pro-widget-call-to-action.min.css?ver=1711437600\">\t\t<a class=\"elementor-cta\" href=\"https:\/\/www.laboratoriogenoma.eu\/chi-siamo\/eurofins-genoma\/\">\n\t\t\t\t\t\t\t<div class=\"elementor-cta__content\">\n\t\t\t\t\n\t\t\t\t\t\t\t\t\t<h2 class=\"elementor-cta__title elementor-cta__content-item elementor-content-item\">\n\t\t\t\t\t\tEurofins Genoma<\/span>\t\t\t\t\t<\/h2>\n\t\t\t\t\n\t\t\t\t\t\t\t\t\t<div class=\"elementor-cta__description elementor-cta__content-item elementor-content-item\">\n\t\t\t\t\t\t<p>Eurofins Genoma \u00e8 il punto di riferimento italiano ed europeo per la diagnosi molecolare<\/p>\n\t\t\t\t\t<\/div>\n\t\t\t\t\n\t\t\t\t\t\t\t\t\t<div class=\"elementor-cta__button-wrapper elementor-cta__content-item elementor-content-item \">\n\t\t\t\t\t<span class=\"elementor-cta__button elementor-button elementor-size-sm\">\n\t\t\t\t\t\tScopri di pi\u00f9\t\t\t\t\t<\/span>\n\t\t\t\t\t<\/div>\n\t\t\t\t\t\t\t<\/div>\n\t\t\t\t\t\t<\/a>\n\t\t\t\t<\/div>\n\t\t\t\t<\/div>\n\t\t\t\t\t<\/div>\n\t\t<\/div>\n\t\t\t\t<div class=\"elementor-column elementor-col-66 elementor-top-column elementor-element elementor-element-3ec7568\" data-id=\"3ec7568\" data-element_type=\"column\">\n\t\t\t<div class=\"elementor-widget-wrap elementor-element-populated\">\n\t\t\t\t\t\t<div class=\"elementor-element elementor-element-8f07647 elementor-widget elementor-widget-heading\" data-id=\"8f07647\" data-element_type=\"widget\" data-widget_type=\"heading.default\">\n\t\t\t\t<div class=\"elementor-widget-container\">\n\t\t\t<h3 class=\"elementor-heading-title elementor-size-default\">Progetti finanziati<\/h3>\t\t<\/div>\n\t\t\t\t<\/div>\n\t\t\t\t<div class=\"elementor-element elementor-element-9d7ef53 elementor-widget elementor-widget-text-editor\" data-id=\"9d7ef53\" data-element_type=\"widget\" data-widget_type=\"text-editor.default\">\n\t\t\t\t<div class=\"elementor-widget-container\">\n\t\t\t\t\t\t\t<p><strong>PROGETTO &#8220;Ge.Noma Export (GE.N.E.)&#8221;<\/strong><\/p>\n<p>Referente del progetto e Responsabile scientifico: Dott.ssa Francesca Spinella<br \/>\nPersonale coinvolto nel progetto: Dott.ssa Sara Bono, Dott. Giuliano Cottone, Dott. Ettore Cotroneo, Dott. Anil Biricik<br \/>\nFinalit\u00e0 del progetto: La finalit\u00e0 \u00e8 quella di attivare un proficuo percorso progettuale funzionale all\u2019allargamento della operativit\u00e0 dell\u2019azienda su mercati extranazionali.<br \/>\nSostegno finanziario:<br \/>\n\u2013 Spesa ammessa: \u20ac 120.387,00<br \/>\n\u2013 Sovvenzione concessa: \u20ac 48.154,80<\/p>\n<p><strong>PROGETTO &#8220;LIFE2020 ONCONEXT&#8221;<\/strong><\/p>\n<p>Referente del progetto e Responsabile scientifico: Dott.ssa Francesca Spinella<br \/>\nPersonale coinvolto nel progetto: Dott.ssa Sara Bono, Dott. Giuliano Cottone, Dott. Ettore Cotroneo<br \/>\nFinalit\u00e0 del progetto: Eurofins Genoma si propone di rispondere alle crescenti richieste pubbliche e private grazie all\u2019utilizzo di tecnologie avanzate e validate e attraverso una rete di collaborazioni scientifiche con i maggiori centri oncologici presenti in ambito regionale e nazionale.<br \/>\nSostegno finanziario:<br \/>\n\u2013 Spesa ammessa: \u20ac 495.535,80<br \/>\n\u2013 Sovvenzione concessa: \u20ac 198.214,32<\/p>\n\t\t\t\t\t\t<\/div>\n\t\t\t\t<\/div>\n\t\t\t\t\t<\/div>\n\t\t<\/div>\n\t\t\t\t\t<\/div>\n\t\t<\/section>\n\t\t\t\t<section class=\"elementor-section elementor-top-section elementor-element elementor-element-fc8e5d6 elementor-section-boxed elementor-section-height-default elementor-section-height-default\" data-id=\"fc8e5d6\" data-element_type=\"section\" data-settings=\"{&quot;background_background&quot;:&quot;classic&quot;}\">\n\t\t\t\t\t\t<div class=\"elementor-container elementor-column-gap-default\">\n\t\t\t\t\t<div class=\"elementor-column elementor-col-50 elementor-top-column elementor-element elementor-element-639cafc\" data-id=\"639cafc\" data-element_type=\"column\">\n\t\t\t<div class=\"elementor-widget-wrap elementor-element-populated\">\n\t\t\t\t\t\t<div class=\"elementor-element elementor-element-e0b918f elementor-widget elementor-widget-heading\" data-id=\"e0b918f\" data-element_type=\"widget\" data-widget_type=\"heading.default\">\n\t\t\t\t<div class=\"elementor-widget-container\">\n\t\t\t<h5 class=\"elementor-heading-title elementor-size-default\">Richiesta Informazioni<\/h5>\t\t<\/div>\n\t\t\t\t<\/div>\n\t\t\t\t<div class=\"elementor-element elementor-element-fc35a04 elementor-widget elementor-widget-text-editor\" data-id=\"fc35a04\" data-element_type=\"widget\" data-widget_type=\"text-editor.default\">\n\t\t\t\t<div class=\"elementor-widget-container\">\n\t\t\t\t\t\t\t<p>Se desideri ricevere informazioni compila i campi a fianco, ti contatteremo al pi\u00f9 presto.<\/p>\n\t\t\t\t\t\t<\/div>\n\t\t\t\t<\/div>\n\t\t\t\t<div class=\"elementor-element elementor-element-02f55be elementor-widget elementor-widget-text-editor\" data-id=\"02f55be\" data-element_type=\"widget\" data-widget_type=\"text-editor.default\">\n\t\t\t\t<div class=\"elementor-widget-container\">\n\t\t\t\t\t\t\t<p><a href=\"mailto:info@laboratoriogenoma.eu\" target=\"_blank\" rel=\"noopener\">info@laboratoriogenoma.eu<\/a><\/p>\n\t\t\t\t\t\t<\/div>\n\t\t\t\t<\/div>\n\t\t\t\t<div class=\"elementor-element elementor-element-7898010 elementor-widget elementor-widget-text-editor\" data-id=\"7898010\" data-element_type=\"widget\" data-widget_type=\"text-editor.default\">\n\t\t\t\t<div class=\"elementor-widget-container\">\n\t\t\t\t\t\t\t<p>+39 06164161500<\/p>\n\t\t\t\t\t\t<\/div>\n\t\t\t\t<\/div>\n\t\t\t\t<div class=\"elementor-element elementor-element-f682991 elementor-widget elementor-widget-image\" data-id=\"f682991\" data-element_type=\"widget\" data-widget_type=\"image.default\">\n\t\t\t\t<div class=\"elementor-widget-container\">\n\t\t\t\t\t\t\t\t\t\t\t\t\t<img decoding=\"async\" src=\"https:\/\/www.laboratoriogenoma.eu\/wp-content\/uploads\/2021\/11\/numero_verde.svg\" title=\"numero_verde\" alt=\"numero_verde\" loading=\"lazy\" \/>\t\t\t\t\t\t\t\t\t\t\t\t\t<\/div>\n\t\t\t\t<\/div>\n\t\t\t\t\t<\/div>\n\t\t<\/div>\n\t\t\t\t<div class=\"elementor-column elementor-col-50 elementor-top-column elementor-element elementor-element-b0297e7\" data-id=\"b0297e7\" data-element_type=\"column\">\n\t\t\t<div class=\"elementor-widget-wrap elementor-element-populated\">\n\t\t\t\t\t\t<div class=\"elementor-element elementor-element-e317f34 elementor-widget elementor-widget-shortcode\" data-id=\"e317f34\" data-element_type=\"widget\" data-widget_type=\"shortcode.default\">\n\t\t\t\t<div class=\"elementor-widget-container\">\n\t\t\t\t\t<div class=\"elementor-shortcode\">[wpforms id=\"10871\" title=\"false\"]<\/div>\n\t\t\t\t<\/div>\n\t\t\t\t<\/div>\n\t\t\t\t\t<\/div>\n\t\t<\/div>\n\t\t\t\t\t<\/div>\n\t\t<\/section>\n\t\t\t\t<\/div>\n\t\t","protected":false},"excerpt":{"rendered":"<p>Funded projects Did you not find the analysis you were looking for? Perform a search in our database Eurofins Genoma Eurofins Genoma is the Italian and European reference point for molecular diagnosis Learn more Funded projects PROJECT &#8220;Ge.Noma Export (GE.N.E.)&#8221; Project Coordinator and Scientific Manager: Dr. Francesca Spinella Personnel involved in the project: Dr. Sara [&hellip;]<\/p>\n","protected":false},"author":1,"featured_media":0,"parent":0,"menu_order":0,"comment_status":"closed","ping_status":"closed","template":"","meta":{"_acf_changed":false,"footnotes":""},"class_list":["post-13030","page","type-page","status-publish","hentry"],"acf":[],"_links":{"self":[{"href":"https:\/\/www.laboratoriogenoma.eu\/en\/wp-json\/wp\/v2\/pages\/13030","targetHints":{"allow":["GET"]}}],"collection":[{"href":"https:\/\/www.laboratoriogenoma.eu\/en\/wp-json\/wp\/v2\/pages"}],"about":[{"href":"https:\/\/www.laboratoriogenoma.eu\/en\/wp-json\/wp\/v2\/types\/page"}],"author":[{"embeddable":true,"href":"https:\/\/www.laboratoriogenoma.eu\/en\/wp-json\/wp\/v2\/users\/1"}],"replies":[{"embeddable":true,"href":"https:\/\/www.laboratoriogenoma.eu\/en\/wp-json\/wp\/v2\/comments?post=13030"}],"version-history":[{"count":4,"href":"https:\/\/www.laboratoriogenoma.eu\/en\/wp-json\/wp\/v2\/pages\/13030\/revisions"}],"predecessor-version":[{"id":13806,"href":"https:\/\/www.laboratoriogenoma.eu\/en\/wp-json\/wp\/v2\/pages\/13030\/revisions\/13806"}],"wp:attachment":[{"href":"https:\/\/www.laboratoriogenoma.eu\/en\/wp-json\/wp\/v2\/media?parent=13030"}],"curies":[{"name":"wp","href":"https:\/\/api.w.org\/{rel}","templated":true}]}}