{"id":13006,"date":"2021-12-02T08:34:48","date_gmt":"2021-12-02T07:34:48","guid":{"rendered":"https:\/\/www.laboratoriogenoma.eu\/eurofins-genoma\/"},"modified":"2023-07-07T10:45:42","modified_gmt":"2023-07-07T08:45:42","slug":"eurofins-genoma","status":"publish","type":"page","link":"https:\/\/www.laboratoriogenoma.eu\/en\/eurofins-genoma\/","title":{"rendered":"Eurofins Genoma"},"content":{"rendered":"\t\t<div data-elementor-type=\"wp-page\" data-elementor-id=\"13006\" class=\"elementor elementor-13006\" data-elementor-post-type=\"page\">\n\t\t\t\t\t\t<section class=\"elementor-section elementor-top-section elementor-element elementor-element-35f9de8d elementor-section-full_width elementor-section-height-min-height elementor-section-height-default elementor-section-items-middle\" data-id=\"35f9de8d\" data-element_type=\"section\" data-settings=\"{&quot;background_background&quot;:&quot;classic&quot;}\">\n\t\t\t\t\t\t\t<div class=\"elementor-background-overlay\"><\/div>\n\t\t\t\t\t\t\t<div class=\"elementor-container elementor-column-gap-default\">\n\t\t\t\t\t<div class=\"elementor-column elementor-col-100 elementor-top-column elementor-element elementor-element-4abf51a1\" data-id=\"4abf51a1\" data-element_type=\"column\">\n\t\t\t<div class=\"elementor-widget-wrap elementor-element-populated\">\n\t\t\t\t\t\t<div class=\"elementor-element elementor-element-eb13f50 elementor-widget elementor-widget-heading\" data-id=\"eb13f50\" data-element_type=\"widget\" data-widget_type=\"heading.default\">\n\t\t\t\t<div class=\"elementor-widget-container\">\n\t\t\t<style>\/*! elementor - v3.19.0 - 26-02-2024 *\/\n.elementor-heading-title{padding:0;margin:0;line-height:1}.elementor-widget-heading .elementor-heading-title[class*=elementor-size-]>a{color:inherit;font-size:inherit;line-height:inherit}.elementor-widget-heading .elementor-heading-title.elementor-size-small{font-size:15px}.elementor-widget-heading .elementor-heading-title.elementor-size-medium{font-size:19px}.elementor-widget-heading .elementor-heading-title.elementor-size-large{font-size:29px}.elementor-widget-heading .elementor-heading-title.elementor-size-xl{font-size:39px}.elementor-widget-heading .elementor-heading-title.elementor-size-xxl{font-size:59px}<\/style><h2 class=\"elementor-heading-title elementor-size-default\">Eurofins Genoma Group<\/h2>\t\t<\/div>\n\t\t\t\t<\/div>\n\t\t\t\t\t<\/div>\n\t\t<\/div>\n\t\t\t\t\t<\/div>\n\t\t<\/section>\n\t\t\t\t<section class=\"elementor-section elementor-top-section elementor-element elementor-element-1356345f elementor-section-full_width elementor-reverse-tablet elementor-reverse-mobile elementor-section-height-default elementor-section-height-default\" data-id=\"1356345f\" data-element_type=\"section\">\n\t\t\t\t\t\t<div class=\"elementor-container elementor-column-gap-default\">\n\t\t\t\t\t<div class=\"elementor-column elementor-col-33 elementor-top-column elementor-element elementor-element-43ede45a\" data-id=\"43ede45a\" data-element_type=\"column\">\n\t\t\t<div class=\"elementor-widget-wrap elementor-element-populated\">\n\t\t\t\t\t\t<section class=\"elementor-section elementor-inner-section elementor-element elementor-element-e1286e6 elementor-section-boxed elementor-section-height-default elementor-section-height-default\" data-id=\"e1286e6\" data-element_type=\"section\" data-settings=\"{&quot;background_background&quot;:&quot;classic&quot;}\">\n\t\t\t\t\t\t<div class=\"elementor-container elementor-column-gap-default\">\n\t\t\t\t\t<div class=\"elementor-column elementor-col-100 elementor-inner-column elementor-element elementor-element-ce9e499\" data-id=\"ce9e499\" data-element_type=\"column\">\n\t\t\t<div class=\"elementor-widget-wrap elementor-element-populated\">\n\t\t\t\t\t\t<div class=\"elementor-element elementor-element-1ad0f66 elementor-widget elementor-widget-heading\" data-id=\"1ad0f66\" data-element_type=\"widget\" data-widget_type=\"heading.default\">\n\t\t\t\t<div class=\"elementor-widget-container\">\n\t\t\t<h2 class=\"elementor-heading-title elementor-size-default\">Non hai trovato l'analisi che cercavi?<\/h2>\t\t<\/div>\n\t\t\t\t<\/div>\n\t\t\t\t<div class=\"elementor-element elementor-element-c125782 elementor-widget elementor-widget-text-editor\" data-id=\"c125782\" data-element_type=\"widget\" data-widget_type=\"text-editor.default\">\n\t\t\t\t<div class=\"elementor-widget-container\">\n\t\t\t<style>\/*! elementor - v3.19.0 - 26-02-2024 *\/\n.elementor-widget-text-editor.elementor-drop-cap-view-stacked .elementor-drop-cap{background-color:#69727d;color:#fff}.elementor-widget-text-editor.elementor-drop-cap-view-framed .elementor-drop-cap{color:#69727d;border:3px solid;background-color:transparent}.elementor-widget-text-editor:not(.elementor-drop-cap-view-default) .elementor-drop-cap{margin-top:8px}.elementor-widget-text-editor:not(.elementor-drop-cap-view-default) .elementor-drop-cap-letter{width:1em;height:1em}.elementor-widget-text-editor .elementor-drop-cap{float:left;text-align:center;line-height:1;font-size:50px}.elementor-widget-text-editor .elementor-drop-cap-letter{display:inline-block}<\/style>\t\t\t\t<p>Esegui una ricerca nel nostro database<\/p>\n\t\t\t\t\t\t<\/div>\n\t\t\t\t<\/div>\n\t\t\t\t<div class=\"elementor-element elementor-element-0d9c05a elementor-widget elementor-widget-wp-widget-is_widget\" data-id=\"0d9c05a\" data-element_type=\"widget\" data-widget_type=\"wp-widget-is_widget.default\">\n\t\t\t\t<div class=\"elementor-widget-container\">\n\t\t\t\t\t\t\t\t\t\t<style type=\"text\/css\" media=\"screen\">\n\t\t\t\t\t\t\t#is-ajax-search-result-500 .is-highlight { background-color: #e6853e !important;}\n\t\t\t\t\t\t\t#is-ajax-search-result-500 .meta .is-highlight { background-color: transparent !important;}\n\t\t\t\t\t\t\t<\/style>\n\t\t\t\t\t\t<form data-min-no-for-search=1 data-result-box-max-height=400 data-form-id=500 class=\"is-search-form is-form-style is-form-style-1 is-form-id-500 is-ajax-search\" action=\"https:\/\/www.laboratoriogenoma.eu\/en\/\" method=\"get\" role=\"search\" ><label for=\"is-search-input-500\"><span class=\"is-screen-reader-text\">Search for:<\/span><input  type=\"search\" id=\"is-search-input-500\" name=\"s\" value=\"\" class=\"is-search-input\" placeholder=\"Cerca analisi...\" autocomplete=off \/><span class=\"is-loader-image\" style=\"display: none;background-image:url(https:\/\/www.laboratoriogenoma.eu\/wp-content\/plugins\/add-search-to-menu\/public\/images\/spinner.gif);\" ><\/span><\/label><input type=\"submit\" value=\"Cerca\" class=\"is-search-submit\" \/><input type=\"hidden\" name=\"id\" value=\"500\" \/><\/form>\t\t<\/div>\n\t\t\t\t<\/div>\n\t\t\t\t\t<\/div>\n\t\t<\/div>\n\t\t\t\t\t<\/div>\n\t\t<\/section>\n\t\t\t\t<div class=\"elementor-element elementor-element-f661bee elementor-widget elementor-widget-image\" data-id=\"f661bee\" data-element_type=\"widget\" data-widget_type=\"image.default\">\n\t\t\t\t<div class=\"elementor-widget-container\">\n\t\t\t<style>\/*! elementor - v3.19.0 - 26-02-2024 *\/\n.elementor-widget-image{text-align:center}.elementor-widget-image a{display:inline-block}.elementor-widget-image a img[src$=\".svg\"]{width:48px}.elementor-widget-image img{vertical-align:middle;display:inline-block}<\/style>\t\t\t\t\t\t\t\t\t\t<img fetchpriority=\"high\" decoding=\"async\" width=\"600\" height=\"900\" src=\"https:\/\/www.laboratoriogenoma.eu\/wp-content\/uploads\/2021\/11\/chi-siamo_sidebar_img.jpg\" class=\"attachment-full size-full wp-image-4634\" alt=\"\" srcset=\"https:\/\/www.laboratoriogenoma.eu\/wp-content\/uploads\/2021\/11\/chi-siamo_sidebar_img.jpg 600w, https:\/\/www.laboratoriogenoma.eu\/wp-content\/uploads\/2021\/11\/chi-siamo_sidebar_img-200x300.jpg 200w\" sizes=\"(max-width: 600px) 100vw, 600px\" \/>\t\t\t\t\t\t\t\t\t\t\t\t\t<\/div>\n\t\t\t\t<\/div>\n\t\t\t\t<div class=\"elementor-element elementor-element-2861b7d elementor-cta--skin-classic elementor-animated-content elementor-bg-transform elementor-bg-transform-zoom-in elementor-widget elementor-widget-call-to-action\" data-id=\"2861b7d\" data-element_type=\"widget\" data-widget_type=\"call-to-action.default\">\n\t\t\t\t<div class=\"elementor-widget-container\">\n\t\t\t<link rel=\"stylesheet\" href=\"https:\/\/www.laboratoriogenoma.eu\/wp-content\/uploads\/elementor\/css\/custom-pro-widget-call-to-action.min.css?ver=1711437600\">\t\t<a class=\"elementor-cta\" href=\"https:\/\/www.laboratoriogenoma.eu\/chi-siamo\/il-nostro-team\/\">\n\t\t\t\t\t\t\t<div class=\"elementor-cta__content\">\n\t\t\t\t\n\t\t\t\t\t\t\t\t\t<h2 class=\"elementor-cta__title elementor-cta__content-item elementor-content-item\">\n\t\t\t\t\t\tIL NOSTRO Team<\/span>\t\t\t\t\t<\/h2>\n\t\t\t\t\n\t\t\t\t\t\t\t\t\t<div class=\"elementor-cta__description elementor-cta__content-item elementor-content-item\">\n\t\t\t\t\t\t<p>Conosci i professionisti che costituiscono il Team di Eurofins Genoma<\/p>\n\t\t\t\t\t<\/div>\n\t\t\t\t\n\t\t\t\t\t\t\t\t\t<div class=\"elementor-cta__button-wrapper elementor-cta__content-item elementor-content-item \">\n\t\t\t\t\t<span class=\"elementor-cta__button elementor-button elementor-size-sm\">\n\t\t\t\t\t\tScopri di pi\u00f9\t\t\t\t\t<\/span>\n\t\t\t\t\t<\/div>\n\t\t\t\t\t\t\t<\/div>\n\t\t\t\t\t\t<\/a>\n\t\t\t\t<\/div>\n\t\t\t\t<\/div>\n\t\t\t\t\t<\/div>\n\t\t<\/div>\n\t\t\t\t<div class=\"elementor-column elementor-col-66 elementor-top-column elementor-element elementor-element-d18b1b6\" data-id=\"d18b1b6\" data-element_type=\"column\">\n\t\t\t<div class=\"elementor-widget-wrap elementor-element-populated\">\n\t\t\t\t\t\t<div class=\"elementor-element elementor-element-ac48556 elementor-widget elementor-widget-heading\" data-id=\"ac48556\" data-element_type=\"widget\" data-widget_type=\"heading.default\">\n\t\t\t\t<div class=\"elementor-widget-container\">\n\t\t\t<h3 class=\"elementor-heading-title elementor-size-default\">Tecnologie innovative, qualit\u00e0, professionalit\u00e0 e competenze<\/h3>\t\t<\/div>\n\t\t\t\t<\/div>\n\t\t\t\t<div class=\"elementor-element elementor-element-de10d66 elementor-widget elementor-widget-text-editor\" data-id=\"de10d66\" data-element_type=\"widget\" data-widget_type=\"text-editor.default\">\n\t\t\t\t<div class=\"elementor-widget-container\">\n\t\t\t\t\t\t\t<p>Eurofins Genoma Group \u00e8 il punto di riferimento italiano ed europeo per la diagnosi molecolare.<br \/>\nFondato nel\u00a01997, Eurofins Genoma Group opera principalmente in qualit\u00e0 di partner diagnostico per analisi genetiche, citogenetiche e molecolari con l\u2019obiettivo di fornire un servizio completo e capace di soddisfare le pi\u00f9 diverse esigenze nel campo della diagnostica molecolare.<\/p>\n<p><strong>4 sedi<\/strong>: 2 centri a Roma, 1 a Milano e 1 a Firenze compongono il gruppo Eurofins Genoma. I laboratori, realizzati all\u2019interno di queste strutture moderne e high tech, si sviluppano su una superficie totale di oltre 4.000 mq\u00b2 e sono caratterizzati da dotazioni strumentali e tecnologiche avanzate, nonch\u00e9 da standard qualitativi elevati.<\/p>\n<p><strong>Esperienza<\/strong>: Sono oltre 2.000 le Strutture Sanitarie e Ospedaliere, italiane ed estere, che quotidianamente inviano campioni biologici ai nostri laboratori. La nostra organizzazione interna \u00e8 strutturata per supportare imponenti volumi di lavoro: il numero annuo di prestazioni, in costante crescita, supera i 250.000 test genetici.<\/p>\n<p>In Italia sono stati avviati diversi progetti con alcune Case Farmaceutiche con l\u2019obiettivo di offrire un valido strumento genetico di supporto alla diagnosi e allo sviluppo di farmaci.<\/p>\n<p><strong>Completezza analitica<\/strong>: Eurofins Genoma offre un\u2019articolata diversificazione delle prestazioni tra le pi\u00f9 complete del territorio nazionale ed internazionale, che consente di offrire ai pazienti ed ai loro medici soluzioni diagnostiche innovative per qualsiasi esigenza clinica. Con un elenco di oltre 3.000 test genetici eseguibili direttamente in sede, ripartiti in oltre 25 aree applicative, Eurofins Genoma \u00e8 in grado di soddisfare richieste sempre pi\u00f9 specialistiche nel settore della diagnostica citogenetica e molecolare, fornendo ai propri clienti un servizio altamente specializzato, preciso, efficace e rapido.<\/p>\n<p><strong>La nostra missione<\/strong>: Eurofins Genoma ha scelto di creare e offrire servizi e soluzioni diagnostiche avanzate, con un forte impegno nella ricerca, che nella pratica si traduce nella volont\u00e0 di favorire e migliorare i processi diagnostici oggi esistenti, sviluppando nuovi prodotti, processi e servizi nel settore biotecnologico e contribuendo al passaggio dalla medicina curativa a quella predittiva.<\/p>\n<p><strong>La nostra filosofia<\/strong>: Aggiornare, Anticipare, Progredire. Operare nel presente, guardando sempre avanti. Con questo importante presupposto, la nostra scelta \u00e8 stata, ed \u00e8 tuttora, quella di integrare la pi\u00f9 moderna efficienza gestionale e la costante formazione di tutto il personale, con un un\u2019evoluzione continua delle attrezzature tecnologiche e delle metodiche diagnostiche, nel segno dei pi\u00f9 elevati standard qualitativi.<\/p>\n<p>Da luglio 2017 Genoma \u00e8 entrata a far parte del gruppo internazionale Eurofins.<\/p>\n<p>Il Gruppo Eurofins \u00e8 leader di servizi analitici con una rete internazionale di oltre 800 laboratori in 47 paesi in Europa, Nord e Sud America e Asia-Pacifico.<\/p>\n\t\t\t\t\t\t<\/div>\n\t\t\t\t<\/div>\n\t\t\t\t\t<\/div>\n\t\t<\/div>\n\t\t\t\t\t<\/div>\n\t\t<\/section>\n\t\t\t\t<section class=\"elementor-section elementor-top-section elementor-element elementor-element-43fbe17 elementor-section-boxed elementor-section-height-default elementor-section-height-default\" data-id=\"43fbe17\" data-element_type=\"section\" data-settings=\"{&quot;background_background&quot;:&quot;classic&quot;}\">\n\t\t\t\t\t\t<div class=\"elementor-container elementor-column-gap-default\">\n\t\t\t\t\t<div class=\"elementor-column elementor-col-50 elementor-top-column elementor-element elementor-element-0d9dd1f\" data-id=\"0d9dd1f\" data-element_type=\"column\">\n\t\t\t<div class=\"elementor-widget-wrap elementor-element-populated\">\n\t\t\t\t\t\t<div class=\"elementor-element elementor-element-68e2884 elementor-widget elementor-widget-heading\" data-id=\"68e2884\" data-element_type=\"widget\" data-widget_type=\"heading.default\">\n\t\t\t\t<div class=\"elementor-widget-container\">\n\t\t\t<h5 class=\"elementor-heading-title elementor-size-default\">Richiesta Informazioni<\/h5>\t\t<\/div>\n\t\t\t\t<\/div>\n\t\t\t\t<div class=\"elementor-element elementor-element-364f30a elementor-widget elementor-widget-text-editor\" data-id=\"364f30a\" data-element_type=\"widget\" data-widget_type=\"text-editor.default\">\n\t\t\t\t<div class=\"elementor-widget-container\">\n\t\t\t\t\t\t\t<p>Se desideri ricevere informazioni compila i campi a fianco, ti contatteremo al pi\u00f9 presto.<\/p>\n\t\t\t\t\t\t<\/div>\n\t\t\t\t<\/div>\n\t\t\t\t<div class=\"elementor-element elementor-element-ae71d9e elementor-widget elementor-widget-text-editor\" data-id=\"ae71d9e\" data-element_type=\"widget\" data-widget_type=\"text-editor.default\">\n\t\t\t\t<div class=\"elementor-widget-container\">\n\t\t\t\t\t\t\t<p><a href=\"mailto:info@laboratoriogenoma.eu\" target=\"_blank\" rel=\"noopener\">info@laboratoriogenoma.eu<\/a><\/p>\n\t\t\t\t\t\t<\/div>\n\t\t\t\t<\/div>\n\t\t\t\t<div class=\"elementor-element elementor-element-2949d76 elementor-widget elementor-widget-text-editor\" data-id=\"2949d76\" data-element_type=\"widget\" data-widget_type=\"text-editor.default\">\n\t\t\t\t<div class=\"elementor-widget-container\">\n\t\t\t\t\t\t\t<p>+39 06164161500<\/p>\n\t\t\t\t\t\t<\/div>\n\t\t\t\t<\/div>\n\t\t\t\t<div class=\"elementor-element elementor-element-ffef8ef elementor-widget elementor-widget-image\" data-id=\"ffef8ef\" data-element_type=\"widget\" data-widget_type=\"image.default\">\n\t\t\t\t<div class=\"elementor-widget-container\">\n\t\t\t\t\t\t\t\t\t\t\t\t\t<img decoding=\"async\" src=\"https:\/\/www.laboratoriogenoma.eu\/wp-content\/uploads\/2021\/11\/numero_verde.svg\" title=\"numero_verde\" alt=\"numero_verde\" loading=\"lazy\" \/>\t\t\t\t\t\t\t\t\t\t\t\t\t<\/div>\n\t\t\t\t<\/div>\n\t\t\t\t\t<\/div>\n\t\t<\/div>\n\t\t\t\t<div class=\"elementor-column elementor-col-50 elementor-top-column elementor-element elementor-element-48a84d3\" data-id=\"48a84d3\" data-element_type=\"column\">\n\t\t\t<div class=\"elementor-widget-wrap elementor-element-populated\">\n\t\t\t\t\t\t<div class=\"elementor-element elementor-element-c39f72e elementor-widget elementor-widget-shortcode\" data-id=\"c39f72e\" data-element_type=\"widget\" data-widget_type=\"shortcode.default\">\n\t\t\t\t<div class=\"elementor-widget-container\">\n\t\t\t\t\t<div class=\"elementor-shortcode\">[wpforms id=\"10871\" title=\"false\"]<\/div>\n\t\t\t\t<\/div>\n\t\t\t\t<\/div>\n\t\t\t\t\t<\/div>\n\t\t<\/div>\n\t\t\t\t\t<\/div>\n\t\t<\/section>\n\t\t\t\t<\/div>\n\t\t","protected":false},"excerpt":{"rendered":"<p>Eurofins Genoma Group Didn&#8217;t find the analysis you were looking for? Perform a search in our database OUR Team Get to know the professionals who make up the Eurofins Genoma Team Learn more Innovative Technologies, Quality, Professionalism, and Expertise Eurofins Genoma Group is the Italian and European reference point for molecular diagnostics. Founded in 1997, [&hellip;]<\/p>\n","protected":false},"author":1,"featured_media":0,"parent":0,"menu_order":0,"comment_status":"closed","ping_status":"closed","template":"","meta":{"_acf_changed":false,"footnotes":""},"class_list":["post-13006","page","type-page","status-publish","hentry"],"acf":[],"_links":{"self":[{"href":"https:\/\/www.laboratoriogenoma.eu\/en\/wp-json\/wp\/v2\/pages\/13006","targetHints":{"allow":["GET"]}}],"collection":[{"href":"https:\/\/www.laboratoriogenoma.eu\/en\/wp-json\/wp\/v2\/pages"}],"about":[{"href":"https:\/\/www.laboratoriogenoma.eu\/en\/wp-json\/wp\/v2\/types\/page"}],"author":[{"embeddable":true,"href":"https:\/\/www.laboratoriogenoma.eu\/en\/wp-json\/wp\/v2\/users\/1"}],"replies":[{"embeddable":true,"href":"https:\/\/www.laboratoriogenoma.eu\/en\/wp-json\/wp\/v2\/comments?post=13006"}],"version-history":[{"count":3,"href":"https:\/\/www.laboratoriogenoma.eu\/en\/wp-json\/wp\/v2\/pages\/13006\/revisions"}],"predecessor-version":[{"id":13809,"href":"https:\/\/www.laboratoriogenoma.eu\/en\/wp-json\/wp\/v2\/pages\/13006\/revisions\/13809"}],"wp:attachment":[{"href":"https:\/\/www.laboratoriogenoma.eu\/en\/wp-json\/wp\/v2\/media?parent=13006"}],"curies":[{"name":"wp","href":"https:\/\/api.w.org\/{rel}","templated":true}]}}